{"id":20,"date":"2016-09-24T12:05:07","date_gmt":"2016-09-24T10:05:07","guid":{"rendered":"http:\/\/praxis-gegenwind.de\/wordpress\/?page_id=20"},"modified":"2022-08-21T15:36:58","modified_gmt":"2022-08-21T13:36:58","slug":"arbeitsweisen","status":"publish","type":"page","link":"https:\/\/praxis-gegenwind.de\/?page_id=20","title":{"rendered":"Arbeitsweisen"},"content":{"rendered":"<div class=\"wp-block-image is-style-default\">\n<figure class=\"aligncenter size-full is-resized\"><img loading=\"lazy\" decoding=\"async\" src=\"https:\/\/praxis-gegenwind.de\/wp-content\/uploads\/2022\/08\/Arbeitsweisen.jpg\" alt=\"\" class=\"wp-image-605\" width=\"382\" height=\"254\" srcset=\"https:\/\/praxis-gegenwind.de\/wp-content\/uploads\/2022\/08\/Arbeitsweisen.jpg 375w, https:\/\/praxis-gegenwind.de\/wp-content\/uploads\/2022\/08\/Arbeitsweisen-300x200.jpg 300w\" sizes=\"auto, (max-width: 382px) 100vw, 382px\" \/><\/figure>\n<\/div>\n\n\n<p class=\"has-pale-cyan-blue-background-color has-background\">Als Diplomp\u00e4dagoge steht f\u00fcr mich immer der Mensch als Ganzes im Mittelpunkt. Denn:Neben allen Symptomen und Problemen gibt es immer auch Lebensbereiche, in denen Ressourcen, F\u00e4higkeiten und allerlei gute Erfahrungen vorherrschen. Diese werden zu oft au\u00dfer Acht gelassen.Diese F\u00e4higkeiten und Potentiale sind es, die Sie ben\u00f6tigen, um die Schwierigkeiten in Ihrem Leben anzugehen.<br>Meine Aufgabe ist es, Ihnen diese M\u00f6glichkeiten wieder bewusst zu machen und Ihre Aufmerksamkeit auf das zu lenken, was in Ihnen ruht.<br>Wie Albert Einstein bereits sagte:\u201cIn der Mitte von Schwierigkeiten liegen die M\u00f6glichkeiten.\u201d<\/p>\n\n\n\n<p class=\"has-pale-cyan-blue-background-color has-background\">In meiner Arbeit st\u00fctze ich mich prim\u00e4r auf Techniken des Neurolinguistischen Programmierens (NLP), Hypnosetechniken und soziotherapeutischen Interventionen.<br>Erg\u00e4nzt werden diese Ans\u00e4tze durch Elemente der Systemischen Therapie, der Verhaltenstherapie, der Klientenzentrierten Gespr\u00e4chsf\u00fchrung und weiterer Methoden.<\/p>\n\n\n\n<p class=\"has-pale-cyan-blue-background-color has-background\">Die Kernannahmen meiner Arbeit orientieren sich an den Grunds\u00e4tzen des NLP:<\/p>\n\n\n\n<p class=\"has-pale-cyan-blue-background-color has-background\">&#8211; Jedem Verhalten liegt eine positive Absicht zugrunde.<br>&#8211; Jede Erfahrung hat eine Struktur.<br>&#8211; F\u00fcr jedes Problem gibt es eine L\u00f6sung.<br>&#8211; Jeder Mensch verf\u00fcgt \u00fcber alle Kr\u00e4fte, die er braucht.<br>&#8211; K\u00f6rper und Geist sind Teile eines Systems.<br>&#8211; Wenn etwas nicht funktioniert, versuche etwas anders.<\/p>\n\n\n\n<p class=\"has-pale-cyan-blue-background-color has-background\">Zudem bin ich die Meinung, dass nicht ich, sondern <em>Sie <\/em>der Experte f\u00fcr Ihr Leben sind.<br>In einer Zusammenarbeit erlauben Sie mir, Ihre Welt kennen zu lernen und Sie ein St\u00fcck Ihres Weges begleiten zu d\u00fcrfen.<br>Sie erl\u00e4utern mir Ihre Welt und nach und nach lerne ich mich auf Ihrer Landkarte, also Ihrer Sicht der Welt, zu orientieren. Gemeinsam werden wir uns dann aufmachen, neue Wege zu erkunden, Althergebrachtes in Frage zu stellen und L\u00f6sungen zu finden, die vielleicht vorher nicht einmal denkbar gewesen sind.<\/p>\n","protected":false},"excerpt":{"rendered":"<p>Als Diplomp\u00e4dagoge steht f\u00fcr mich immer der Mensch als Ganzes im Mittelpunkt. Denn:Neben allen Symptomen und Problemen gibt es immer auch Lebensbereiche, in denen Ressourcen, F\u00e4higkeiten und allerlei gute Erfahrungen vorherrschen. Diese werden zu oft au\u00dfer Acht gelassen.Diese F\u00e4higkeiten und Potentiale sind es, die Sie ben\u00f6tigen, um die Schwierigkeiten in Ihrem Leben anzugehen.Meine Aufgabe ist [&hellip;]<\/p>\n","protected":false},"author":1,"featured_media":0,"parent":0,"menu_order":2,"comment_status":"closed","ping_status":"closed","template":"","meta":{"footnotes":""},"class_list":["post-20","page","type-page","status-publish","hentry"],"_links":{"self":[{"href":"https:\/\/praxis-gegenwind.de\/index.php?rest_route=\/wp\/v2\/pages\/20","targetHints":{"allow":["GET"]}}],"collection":[{"href":"https:\/\/praxis-gegenwind.de\/index.php?rest_route=\/wp\/v2\/pages"}],"about":[{"href":"https:\/\/praxis-gegenwind.de\/index.php?rest_route=\/wp\/v2\/types\/page"}],"author":[{"embeddable":true,"href":"https:\/\/praxis-gegenwind.de\/index.php?rest_route=\/wp\/v2\/users\/1"}],"replies":[{"embeddable":true,"href":"https:\/\/praxis-gegenwind.de\/index.php?rest_route=%2Fwp%2Fv2%2Fcomments&post=20"}],"version-history":[{"count":16,"href":"https:\/\/praxis-gegenwind.de\/index.php?rest_route=\/wp\/v2\/pages\/20\/revisions"}],"predecessor-version":[{"id":610,"href":"https:\/\/praxis-gegenwind.de\/index.php?rest_route=\/wp\/v2\/pages\/20\/revisions\/610"}],"wp:attachment":[{"href":"https:\/\/praxis-gegenwind.de\/index.php?rest_route=%2Fwp%2Fv2%2Fmedia&parent=20"}],"curies":[{"name":"wp","href":"https:\/\/api.w.org\/{rel}","templated":true}]}}