{"id":178,"date":"2018-04-28T17:52:50","date_gmt":"2018-04-28T15:52:50","guid":{"rendered":"http:\/\/praxis-gegenwind.de\/?page_id=178"},"modified":"2022-08-21T16:33:38","modified_gmt":"2022-08-21T14:33:38","slug":"psychotherapie-nach-dem-hpg","status":"publish","type":"page","link":"https:\/\/praxis-gegenwind.de\/?page_id=178","title":{"rendered":"Psychotherapie nach dem HeilprG"},"content":{"rendered":"\n<p class=\"has-vivid-cyan-blue-background-color has-background\">Im Rahmen der psychotherapeutischen Hilfen nach den Heilpraktikergesetz (HeilprG) biete ich Ihnen <strong>Hilfe und Unterst\u00fctzung<\/strong>&#8230;<\/p>\n\n\n\n<p class=\"has-pale-cyan-blue-background-color has-background\">&#8230; bei Entscheidungs- und Lebenswegfindungen<\/p>\n\n\n\n<p class=\"has-pale-cyan-blue-background-color has-background\">&#8230; im Umgang mit Stress, Stressreduktion und Entspannung<\/p>\n\n\n\n<p class=\"has-pale-cyan-blue-background-color has-background\">&#8230; bei Erziehungs- und Partnerschaftsproblemen<\/p>\n\n\n\n<p class=\"has-pale-cyan-blue-background-color has-background\">&#8230; bei Gewichtsreduzierung und Rauchentw\u00f6hnung durch Hypnose<\/p>\n\n\n\n<p class=\"has-pale-cyan-blue-background-color has-background\">&#8230; bei Anpassungsschwierigkeiten in ver\u00e4nderten Lebensumst\u00e4nden und Krisen<\/p>\n\n\n\n<p class=\"has-pale-cyan-blue-background-color has-background\">&#8230; im Bereich Trennungs- und Trauerarbeit<\/p>\n\n\n\n<p class=\"has-pale-cyan-blue-background-color has-background\">&#8230; bei Niedergeschlagenheit und Depressionen<\/p>\n\n\n\n<p class=\"has-pale-cyan-blue-background-color has-background\">&#8230; bei Kommunikationsschwierigkeiten<\/p>\n\n\n\n<p class=\"has-pale-cyan-blue-background-color has-background\">&#8230; bei \u00c4ngsten, Phobien und st\u00f6renden Angewohnheiten<\/p>\n\n\n\n<p class=\"has-pale-cyan-blue-background-color has-background\">&#8230; im Sport durch Sportmentaltraining<\/p>\n","protected":false},"excerpt":{"rendered":"<p>Im Rahmen der psychotherapeutischen Hilfen nach den Heilpraktikergesetz (HeilprG) biete ich Ihnen Hilfe und Unterst\u00fctzung&#8230; &#8230; bei Entscheidungs- und Lebenswegfindungen &#8230; im Umgang mit Stress, Stressreduktion und Entspannung &#8230; bei Erziehungs- und Partnerschaftsproblemen &#8230; bei Gewichtsreduzierung und Rauchentw\u00f6hnung durch Hypnose &#8230; bei Anpassungsschwierigkeiten in ver\u00e4nderten Lebensumst\u00e4nden und Krisen &#8230; im Bereich Trennungs- und Trauerarbeit &#8230; [&hellip;]<\/p>\n","protected":false},"author":1,"featured_media":0,"parent":24,"menu_order":0,"comment_status":"closed","ping_status":"closed","template":"","meta":{"footnotes":""},"class_list":["post-178","page","type-page","status-publish","hentry"],"_links":{"self":[{"href":"https:\/\/praxis-gegenwind.de\/index.php?rest_route=\/wp\/v2\/pages\/178","targetHints":{"allow":["GET"]}}],"collection":[{"href":"https:\/\/praxis-gegenwind.de\/index.php?rest_route=\/wp\/v2\/pages"}],"about":[{"href":"https:\/\/praxis-gegenwind.de\/index.php?rest_route=\/wp\/v2\/types\/page"}],"author":[{"embeddable":true,"href":"https:\/\/praxis-gegenwind.de\/index.php?rest_route=\/wp\/v2\/users\/1"}],"replies":[{"embeddable":true,"href":"https:\/\/praxis-gegenwind.de\/index.php?rest_route=%2Fwp%2Fv2%2Fcomments&post=178"}],"version-history":[{"count":5,"href":"https:\/\/praxis-gegenwind.de\/index.php?rest_route=\/wp\/v2\/pages\/178\/revisions"}],"predecessor-version":[{"id":629,"href":"https:\/\/praxis-gegenwind.de\/index.php?rest_route=\/wp\/v2\/pages\/178\/revisions\/629"}],"up":[{"embeddable":true,"href":"https:\/\/praxis-gegenwind.de\/index.php?rest_route=\/wp\/v2\/pages\/24"}],"wp:attachment":[{"href":"https:\/\/praxis-gegenwind.de\/index.php?rest_route=%2Fwp%2Fv2%2Fmedia&parent=178"}],"curies":[{"name":"wp","href":"https:\/\/api.w.org\/{rel}","templated":true}]}}